{"id":842,"date":"2025-12-09T15:27:53","date_gmt":"2025-12-09T20:27:53","guid":{"rendered":"https:\/\/m7c.723.mytemp.website\/?page_id=842"},"modified":"2025-12-30T12:23:07","modified_gmt":"2025-12-30T17:23:07","slug":"catalogos","status":"publish","type":"page","link":"https:\/\/m7c.723.mytemp.website\/en\/catalogos\/","title":{"rendered":"Catalogs"},"content":{"rendered":"<div data-elementor-type=\"wp-page\" data-elementor-id=\"842\" class=\"elementor elementor-842\">\n\t\t\t\t\t\t<section class=\"elementor-section elementor-top-section elementor-element elementor-element-178ea42a elementor-section-height-min-height elementor-section-boxed elementor-section-height-default elementor-section-items-middle\" data-id=\"178ea42a\" data-element_type=\"section\" data-settings=\"{&quot;background_background&quot;:&quot;classic&quot;}\">\n\t\t\t\t\t\t\t<div class=\"elementor-background-overlay\"><\/div>\n\t\t\t\t\t\t\t<div class=\"elementor-container elementor-column-gap-default\">\n\t\t\t\t\t<div class=\"elementor-column elementor-col-100 elementor-top-column elementor-element elementor-element-3d922b51\" data-id=\"3d922b51\" data-element_type=\"column\">\n\t\t\t<div class=\"elementor-widget-wrap elementor-element-populated\">\n\t\t\t\t\t\t<div class=\"elementor-element elementor-element-a8a4bf5 elementor-widget elementor-widget-heading\" data-id=\"a8a4bf5\" data-element_type=\"widget\" data-widget_type=\"heading.default\">\n\t\t\t\t\t<h2 class=\"elementor-heading-title elementor-size-default\">Catalogs <\/h2>\t\t\t\t<\/div>\n\t\t\t\t\t<\/div>\n\t\t<\/div>\n\t\t\t\t\t<\/div>\n\t\t<\/section>\n\t\t<div class=\"elementor-element elementor-element-728f25c e-flex e-con-boxed e-con e-parent\" data-id=\"728f25c\" data-element_type=\"container\">\n\t\t\t\t\t<div class=\"e-con-inner\">\n\t\t<div class=\"elementor-element elementor-element-0cd6e2f e-con-full e-flex e-con e-child\" data-id=\"0cd6e2f\" data-element_type=\"container\">\n\t\t\t\t<div class=\"elementor-element elementor-element-44e5efc elementor-position-left elementor-view-default elementor-mobile-position-top elementor-widget elementor-widget-icon-box\" data-id=\"44e5efc\" data-element_type=\"widget\" data-widget_type=\"icon-box.default\">\n\t\t\t\t\t\t\t<div class=\"elementor-icon-box-wrapper\">\n\n\t\t\t\t\t\t<div class=\"elementor-icon-box-icon\">\n\t\t\t\t<a href=\"https:\/\/m7c.723.mytemp.website\/wp-content\/uploads\/2025\/12\/Presentacion-Pemi-Parts.pdf-1.pdf\" class=\"elementor-icon\" tabindex=\"-1\" aria-label=\"Download \">\n\t\t\t\t<i aria-hidden=\"true\" class=\"icon icon-Download\"><\/i>\t\t\t\t<\/a>\n\t\t\t<\/div>\n\t\t\t\n\t\t\t\t\t\t<div class=\"elementor-icon-box-content\">\n\n\t\t\t\t\t\t\t\t\t<h3 class=\"elementor-icon-box-title\">\n\t\t\t\t\t\t<a href=\"https:\/\/m7c.723.mytemp.website\/wp-content\/uploads\/2025\/12\/Presentacion-Pemi-Parts.pdf-1.pdf\" >\n\t\t\t\t\t\t\tDownload \t\t\t\t\t\t<\/a>\n\t\t\t\t\t<\/h3>\n\t\t\t\t\n\t\t\t\t\t\t\t\t\t<p class=\"elementor-icon-box-description\">\n\t\t\t\t\t\tPresentation\t\t\t\t\t<\/p>\n\t\t\t\t\n\t\t\t<\/div>\n\t\t\t\n\t\t<\/div>\n\t\t\t\t\t\t<\/div>\n\t\t\t\t<div class=\"elementor-element elementor-element-3d6b168 animated-slow elementor-invisible elementor-widget elementor-widget-image\" data-id=\"3d6b168\" data-element_type=\"widget\" data-settings=\"{&quot;_animation&quot;:&quot;bounce&quot;,&quot;_animation_delay&quot;:1}\" data-widget_type=\"image.default\">\n\t\t\t\t\t\t\t\t\t\t\t\t\t\t\t\t<a href=\"https:\/\/m7c.723.mytemp.website\/wp-content\/uploads\/2025\/12\/Presentacion-Pemi-Parts-comprimido.pdf\">\n\t\t\t\t\t\t\t<img fetchpriority=\"high\" decoding=\"async\" width=\"442\" height=\"601\" src=\"https:\/\/m7c.723.mytemp.website\/wp-content\/uploads\/2025\/12\/pemi-press.jpg\" class=\"attachment-full size-full wp-image-851\" alt=\"\" srcset=\"https:\/\/m7c.723.mytemp.website\/wp-content\/uploads\/2025\/12\/pemi-press.jpg 442w, https:\/\/m7c.723.mytemp.website\/wp-content\/uploads\/2025\/12\/pemi-press-221x300.jpg 221w, https:\/\/m7c.723.mytemp.website\/wp-content\/uploads\/2025\/12\/pemi-press-200x272.jpg 200w\" sizes=\"(max-width: 442px) 100vw, 442px\" \/>\t\t\t\t\t\t\t\t<\/a>\n\t\t\t\t\t\t\t\t\t\t\t\t\t\t\t<\/div>\n\t\t\t\t<\/div>\n\t\t<div class=\"elementor-element elementor-element-15d27ce e-con-full e-flex e-con e-child\" data-id=\"15d27ce\" data-element_type=\"container\">\n\t\t\t\t<div class=\"elementor-element elementor-element-04d1b26 elementor-position-left elementor-view-default elementor-mobile-position-top elementor-widget elementor-widget-icon-box\" data-id=\"04d1b26\" data-element_type=\"widget\" data-widget_type=\"icon-box.default\">\n\t\t\t\t\t\t\t<div class=\"elementor-icon-box-wrapper\">\n\n\t\t\t\t\t\t<div class=\"elementor-icon-box-icon\">\n\t\t\t\t<a href=\"https:\/\/m7c.723.mytemp.website\/wp-content\/uploads\/2025\/12\/Pemi-Motores-dic.pdf\" class=\"elementor-icon\" tabindex=\"-1\" aria-label=\"Download \">\n\t\t\t\t<i aria-hidden=\"true\" class=\"icon icon-Download\"><\/i>\t\t\t\t<\/a>\n\t\t\t<\/div>\n\t\t\t\n\t\t\t\t\t\t<div class=\"elementor-icon-box-content\">\n\n\t\t\t\t\t\t\t\t\t<h3 class=\"elementor-icon-box-title\">\n\t\t\t\t\t\t<a href=\"https:\/\/m7c.723.mytemp.website\/wp-content\/uploads\/2025\/12\/Pemi-Motores-dic.pdf\" >\n\t\t\t\t\t\t\tDownload \t\t\t\t\t\t<\/a>\n\t\t\t\t\t<\/h3>\n\t\t\t\t\n\t\t\t\t\t\t\t\t\t<p class=\"elementor-icon-box-description\">\n\t\t\t\t\t\tEngine Catalog\t\t\t\t\t<\/p>\n\t\t\t\t\n\t\t\t<\/div>\n\t\t\t\n\t\t<\/div>\n\t\t\t\t\t\t<\/div>\n\t\t\t\t<div class=\"elementor-element elementor-element-3b96584 animated-slow elementor-invisible elementor-widget elementor-widget-image\" data-id=\"3b96584\" data-element_type=\"widget\" data-settings=\"{&quot;_animation&quot;:&quot;bounce&quot;,&quot;_animation_delay&quot;:1}\" data-widget_type=\"image.default\">\n\t\t\t\t\t\t\t\t\t\t\t\t\t\t\t\t<a href=\"https:\/\/m7c.723.mytemp.website\/wp-content\/uploads\/2025\/12\/Pemi-Motores-_compressed.pdf\">\n\t\t\t\t\t\t\t<img decoding=\"async\" width=\"442\" height=\"601\" src=\"https:\/\/m7c.723.mytemp.website\/wp-content\/uploads\/2025\/12\/motores-pemi1.jpg\" class=\"attachment-full size-full wp-image-853\" alt=\"\" srcset=\"https:\/\/m7c.723.mytemp.website\/wp-content\/uploads\/2025\/12\/motores-pemi1.jpg 442w, https:\/\/m7c.723.mytemp.website\/wp-content\/uploads\/2025\/12\/motores-pemi1-221x300.jpg 221w, https:\/\/m7c.723.mytemp.website\/wp-content\/uploads\/2025\/12\/motores-pemi1-200x272.jpg 200w\" sizes=\"(max-width: 442px) 100vw, 442px\" \/>\t\t\t\t\t\t\t\t<\/a>\n\t\t\t\t\t\t\t\t\t\t\t\t\t\t\t<\/div>\n\t\t\t\t<\/div>\n\t\t<div class=\"elementor-element elementor-element-497fe77 e-con-full e-flex e-con e-child\" data-id=\"497fe77\" data-element_type=\"container\">\n\t\t\t\t<div class=\"elementor-element elementor-element-059a7aa elementor-position-left elementor-view-default elementor-mobile-position-top elementor-widget elementor-widget-icon-box\" data-id=\"059a7aa\" data-element_type=\"widget\" data-widget_type=\"icon-box.default\">\n\t\t\t\t\t\t\t<div class=\"elementor-icon-box-wrapper\">\n\n\t\t\t\t\t\t<div class=\"elementor-icon-box-icon\">\n\t\t\t\t<a href=\"https:\/\/m7c.723.mytemp.website\/wp-content\/uploads\/2025\/12\/Pemi-Industrial-.pdf.pdf\" class=\"elementor-icon\" tabindex=\"-1\" aria-label=\"Download \">\n\t\t\t\t<i aria-hidden=\"true\" class=\"icon icon-Download\"><\/i>\t\t\t\t<\/a>\n\t\t\t<\/div>\n\t\t\t\n\t\t\t\t\t\t<div class=\"elementor-icon-box-content\">\n\n\t\t\t\t\t\t\t\t\t<h3 class=\"elementor-icon-box-title\">\n\t\t\t\t\t\t<a href=\"https:\/\/m7c.723.mytemp.website\/wp-content\/uploads\/2025\/12\/Pemi-Industrial-.pdf.pdf\" >\n\t\t\t\t\t\t\tDownload \t\t\t\t\t\t<\/a>\n\t\t\t\t\t<\/h3>\n\t\t\t\t\n\t\t\t\t\t\t\t\t\t<p class=\"elementor-icon-box-description\">\n\t\t\t\t\t\tIndustrial Catalog\t\t\t\t\t<\/p>\n\t\t\t\t\n\t\t\t<\/div>\n\t\t\t\n\t\t<\/div>\n\t\t\t\t\t\t<\/div>\n\t\t\t\t<div class=\"elementor-element elementor-element-1fdf4b3 animated-slow elementor-invisible elementor-widget elementor-widget-image\" data-id=\"1fdf4b3\" data-element_type=\"widget\" data-settings=\"{&quot;_animation&quot;:&quot;bounce&quot;,&quot;_animation_delay&quot;:1}\" data-widget_type=\"image.default\">\n\t\t\t\t\t\t\t\t\t\t\t\t\t\t\t\t<a href=\"https:\/\/m7c.723.mytemp.website\/wp-content\/uploads\/2025\/12\/Pemi-Industrial-_compressed.pdf\">\n\t\t\t\t\t\t\t<img decoding=\"async\" width=\"1000\" height=\"1332\" src=\"https:\/\/m7c.723.mytemp.website\/wp-content\/uploads\/2025\/12\/industrialpemi.jpg\" class=\"attachment-full size-full wp-image-1046\" alt=\"\" srcset=\"https:\/\/m7c.723.mytemp.website\/wp-content\/uploads\/2025\/12\/industrialpemi.jpg 1000w, https:\/\/m7c.723.mytemp.website\/wp-content\/uploads\/2025\/12\/industrialpemi-225x300.jpg 225w, https:\/\/m7c.723.mytemp.website\/wp-content\/uploads\/2025\/12\/industrialpemi-769x1024.jpg 769w, https:\/\/m7c.723.mytemp.website\/wp-content\/uploads\/2025\/12\/industrialpemi-768x1023.jpg 768w, https:\/\/m7c.723.mytemp.website\/wp-content\/uploads\/2025\/12\/industrialpemi-9x12.jpg 9w, https:\/\/m7c.723.mytemp.website\/wp-content\/uploads\/2025\/12\/industrialpemi-200x266.jpg 200w\" sizes=\"(max-width: 1000px) 100vw, 1000px\" \/>\t\t\t\t\t\t\t\t<\/a>\n\t\t\t\t\t\t\t\t\t\t\t\t\t\t\t<\/div>\n\t\t\t\t<\/div>\n\t\t\t\t\t<\/div>\n\t\t\t\t<\/div>\n\t\t<div class=\"elementor-element elementor-element-af42df5 e-flex e-con-boxed e-con e-parent\" data-id=\"af42df5\" data-element_type=\"container\">\n\t\t\t\t\t<div class=\"e-con-inner\">\n\t\t<div class=\"elementor-element elementor-element-97c9b66 e-con-full e-flex e-con e-child\" data-id=\"97c9b66\" data-element_type=\"container\">\n\t\t\t\t<div class=\"elementor-element elementor-element-1ac47e4 elementor-position-left elementor-view-default elementor-mobile-position-top elementor-widget elementor-widget-icon-box\" data-id=\"1ac47e4\" data-element_type=\"widget\" data-widget_type=\"icon-box.default\">\n\t\t\t\t\t\t\t<div class=\"elementor-icon-box-wrapper\">\n\n\t\t\t\t\t\t<div class=\"elementor-icon-box-icon\">\n\t\t\t\t<a href=\"https:\/\/m7c.723.mytemp.website\/wp-content\/uploads\/2025\/12\/Presentacion-Pemi-Parts.pdf-1.pdf\" class=\"elementor-icon\" tabindex=\"-1\" aria-label=\"Download \">\n\t\t\t\t<i aria-hidden=\"true\" class=\"icon icon-Download\"><\/i>\t\t\t\t<\/a>\n\t\t\t<\/div>\n\t\t\t\n\t\t\t\t\t\t<div class=\"elementor-icon-box-content\">\n\n\t\t\t\t\t\t\t\t\t<h3 class=\"elementor-icon-box-title\">\n\t\t\t\t\t\t<a href=\"https:\/\/m7c.723.mytemp.website\/wp-content\/uploads\/2025\/12\/Presentacion-Pemi-Parts.pdf-1.pdf\" >\n\t\t\t\t\t\t\tDownload \t\t\t\t\t\t<\/a>\n\t\t\t\t\t<\/h3>\n\t\t\t\t\n\t\t\t\t\t\t\t\t\t<p class=\"elementor-icon-box-description\">\n\t\t\t\t\t\tFood Industry Catalog \t\t\t\t\t<\/p>\n\t\t\t\t\n\t\t\t<\/div>\n\t\t\t\n\t\t<\/div>\n\t\t\t\t\t\t<\/div>\n\t\t\t\t<div class=\"elementor-element elementor-element-75ba63f animated-slow elementor-invisible elementor-widget elementor-widget-image\" data-id=\"75ba63f\" data-element_type=\"widget\" data-settings=\"{&quot;_animation&quot;:&quot;bounce&quot;,&quot;_animation_delay&quot;:1}\" data-widget_type=\"image.default\">\n\t\t\t\t\t\t\t\t\t\t\t\t\t\t\t\t<a href=\"https:\/\/m7c.723.mytemp.website\/wp-content\/uploads\/2025\/12\/Pemi-alimentos-y-bebidas-compressed.pdf\">\n\t\t\t\t\t\t\t<img loading=\"lazy\" decoding=\"async\" width=\"1018\" height=\"1359\" src=\"https:\/\/m7c.723.mytemp.website\/wp-content\/uploads\/2025\/12\/alimentos.jpg\" class=\"attachment-full size-full wp-image-1051\" alt=\"\" srcset=\"https:\/\/m7c.723.mytemp.website\/wp-content\/uploads\/2025\/12\/alimentos.jpg 1018w, https:\/\/m7c.723.mytemp.website\/wp-content\/uploads\/2025\/12\/alimentos-225x300.jpg 225w, https:\/\/m7c.723.mytemp.website\/wp-content\/uploads\/2025\/12\/alimentos-767x1024.jpg 767w, https:\/\/m7c.723.mytemp.website\/wp-content\/uploads\/2025\/12\/alimentos-768x1025.jpg 768w, https:\/\/m7c.723.mytemp.website\/wp-content\/uploads\/2025\/12\/alimentos-9x12.jpg 9w, https:\/\/m7c.723.mytemp.website\/wp-content\/uploads\/2025\/12\/alimentos-200x267.jpg 200w\" sizes=\"(max-width: 1018px) 100vw, 1018px\" \/>\t\t\t\t\t\t\t\t<\/a>\n\t\t\t\t\t\t\t\t\t\t\t\t\t\t\t<\/div>\n\t\t\t\t<\/div>\n\t\t<div class=\"elementor-element elementor-element-8e8f45c e-con-full e-flex e-con e-child\" data-id=\"8e8f45c\" data-element_type=\"container\">\n\t\t\t\t<\/div>\n\t\t<div class=\"elementor-element elementor-element-5a9488c e-con-full e-flex e-con e-child\" data-id=\"5a9488c\" data-element_type=\"container\">\n\t\t\t\t<\/div>\n\t\t\t\t\t<\/div>\n\t\t\t\t<\/div>\n\t\t\t\t<\/div>","protected":false},"excerpt":{"rendered":"<p>Cat\u00e1logos Descargar Presentaci\u00f3n Descargar Cat\u00e1logo Motores Descargar Cat\u00e1logo Industrial Descargar Catalogo Alimentos<\/p>","protected":false},"author":1,"featured_media":0,"parent":0,"menu_order":0,"comment_status":"closed","ping_status":"closed","template":"elementor_header_footer","meta":{"footnotes":""},"class_list":["post-842","page","type-page","status-publish","hentry"],"_links":{"self":[{"href":"https:\/\/m7c.723.mytemp.website\/en\/wp-json\/wp\/v2\/pages\/842","targetHints":{"allow":["GET"]}}],"collection":[{"href":"https:\/\/m7c.723.mytemp.website\/en\/wp-json\/wp\/v2\/pages"}],"about":[{"href":"https:\/\/m7c.723.mytemp.website\/en\/wp-json\/wp\/v2\/types\/page"}],"author":[{"embeddable":true,"href":"https:\/\/m7c.723.mytemp.website\/en\/wp-json\/wp\/v2\/users\/1"}],"replies":[{"embeddable":true,"href":"https:\/\/m7c.723.mytemp.website\/en\/wp-json\/wp\/v2\/comments?post=842"}],"version-history":[{"count":19,"href":"https:\/\/m7c.723.mytemp.website\/en\/wp-json\/wp\/v2\/pages\/842\/revisions"}],"predecessor-version":[{"id":1055,"href":"https:\/\/m7c.723.mytemp.website\/en\/wp-json\/wp\/v2\/pages\/842\/revisions\/1055"}],"wp:attachment":[{"href":"https:\/\/m7c.723.mytemp.website\/en\/wp-json\/wp\/v2\/media?parent=842"}],"curies":[{"name":"wp","href":"https:\/\/api.w.org\/{rel}","templated":true}]}}