{"id":837,"date":"2025-12-09T15:16:59","date_gmt":"2025-12-09T20:16:59","guid":{"rendered":"https:\/\/m7c.723.mytemp.website\/?page_id=837"},"modified":"2026-02-19T11:34:10","modified_gmt":"2026-02-19T16:34:10","slug":"nuestras-companias","status":"publish","type":"page","link":"https:\/\/m7c.723.mytemp.website\/en\/nuestras-companias\/","title":{"rendered":"Our companies"},"content":{"rendered":"<div data-elementor-type=\"wp-page\" data-elementor-id=\"837\" class=\"elementor elementor-837\">\n\t\t\t\t\t\t<section class=\"elementor-section elementor-top-section elementor-element elementor-element-375cc0c elementor-section-height-min-height elementor-section-boxed elementor-section-height-default elementor-section-items-middle\" data-id=\"375cc0c\" data-element_type=\"section\" data-settings=\"{&quot;background_background&quot;:&quot;classic&quot;}\">\n\t\t\t\t\t\t\t<div class=\"elementor-background-overlay\"><\/div>\n\t\t\t\t\t\t\t<div class=\"elementor-container elementor-column-gap-default\">\n\t\t\t\t\t<div class=\"elementor-column elementor-col-100 elementor-top-column elementor-element elementor-element-6348965b\" data-id=\"6348965b\" data-element_type=\"column\">\n\t\t\t<div class=\"elementor-widget-wrap elementor-element-populated\">\n\t\t\t\t\t\t<div class=\"elementor-element elementor-element-4f727900 animated-slow elementor-invisible elementor-widget elementor-widget-heading\" data-id=\"4f727900\" data-element_type=\"widget\" data-settings=\"{&quot;_animation&quot;:&quot;fadeIn&quot;}\" data-widget_type=\"heading.default\">\n\t\t\t\t\t<h1 class=\"elementor-heading-title elementor-size-default\">Our Companies<\/h1>\t\t\t\t<\/div>\n\t\t\t\t\t<\/div>\n\t\t<\/div>\n\t\t\t\t\t<\/div>\n\t\t<\/section>\n\t\t\t\t<section class=\"elementor-section elementor-top-section elementor-element elementor-element-bc35f95 elementor-section-boxed elementor-section-height-default elementor-section-height-default\" data-id=\"bc35f95\" data-element_type=\"section\">\n\t\t\t\t\t\t<div class=\"elementor-container elementor-column-gap-default\">\n\t\t\t\t\t<div class=\"elementor-column elementor-col-100 elementor-top-column elementor-element elementor-element-5945267\" data-id=\"5945267\" data-element_type=\"column\">\n\t\t\t<div class=\"elementor-widget-wrap elementor-element-populated\">\n\t\t\t\t\t\t<div class=\"elementor-element elementor-element-3573126d elementor-widget elementor-widget-heading\" data-id=\"3573126d\" data-element_type=\"widget\" data-widget_type=\"heading.default\">\n\t\t\t\t\t<h2 class=\"elementor-heading-title elementor-size-default\">A Network Driving Solutions Across Multiple Industries<\/h2>\t\t\t\t<\/div>\n\t\t\t\t<div class=\"elementor-element elementor-element-2be2e094 elementor-widget elementor-widget-text-editor\" data-id=\"2be2e094\" data-element_type=\"widget\" data-widget_type=\"text-editor.default\">\n\t\t\t\t\t\t\t\t\t<p>Our corporate group brings together companies specialized in sourcing, distribution, and technological solutions for multiple industries. Each company contributes experience, innovation, and operational support, creating a strong network that ensures efficient processes, operational continuity, and services designed to meet the real needs of our clients. We operate under shared standards of quality and support to deliver superior results in every project.<\/p>\t\t\t\t\t\t\t\t<\/div>\n\t\t\t\t\t<\/div>\n\t\t<\/div>\n\t\t\t\t\t<\/div>\n\t\t<\/section>\n\t\t<div class=\"elementor-element elementor-element-d9c7205 e-flex e-con-boxed e-con e-parent\" data-id=\"d9c7205\" data-element_type=\"container\">\n\t\t\t\t\t<div class=\"e-con-inner\">\n\t\t<div class=\"elementor-element elementor-element-32231d2 e-con-full e-flex e-con e-child\" data-id=\"32231d2\" data-element_type=\"container\" data-settings=\"{&quot;background_background&quot;:&quot;classic&quot;}\">\n\t\t<div class=\"elementor-element elementor-element-9ba54e2 e-con-full e-flex e-con e-child\" data-id=\"9ba54e2\" data-element_type=\"container\">\n\t\t<div class=\"elementor-element elementor-element-8609545 e-con-full e-flex e-con e-child\" data-id=\"8609545\" data-element_type=\"container\">\n\t\t\t\t<div class=\"elementor-element elementor-element-7a35a2c elementor-widget elementor-widget-image\" data-id=\"7a35a2c\" data-element_type=\"widget\" data-widget_type=\"image.default\">\n\t\t\t\t\t\t\t\t\t\t\t\t\t\t\t<img fetchpriority=\"high\" decoding=\"async\" width=\"1024\" height=\"1024\" src=\"https:\/\/m7c.723.mytemp.website\/wp-content\/uploads\/2026\/02\/WhatsApp-Image-2026-02-06-at-8.32.50-AM.jpeg\" class=\"attachment-full size-full wp-image-1195\" alt=\"\" srcset=\"https:\/\/m7c.723.mytemp.website\/wp-content\/uploads\/2026\/02\/WhatsApp-Image-2026-02-06-at-8.32.50-AM.jpeg 1024w, https:\/\/m7c.723.mytemp.website\/wp-content\/uploads\/2026\/02\/WhatsApp-Image-2026-02-06-at-8.32.50-AM-300x300.jpeg 300w, https:\/\/m7c.723.mytemp.website\/wp-content\/uploads\/2026\/02\/WhatsApp-Image-2026-02-06-at-8.32.50-AM-150x150.jpeg 150w, https:\/\/m7c.723.mytemp.website\/wp-content\/uploads\/2026\/02\/WhatsApp-Image-2026-02-06-at-8.32.50-AM-768x768.jpeg 768w, https:\/\/m7c.723.mytemp.website\/wp-content\/uploads\/2026\/02\/WhatsApp-Image-2026-02-06-at-8.32.50-AM-12x12.jpeg 12w, https:\/\/m7c.723.mytemp.website\/wp-content\/uploads\/2026\/02\/WhatsApp-Image-2026-02-06-at-8.32.50-AM-200x200.jpeg 200w\" sizes=\"(max-width: 1024px) 100vw, 1024px\" \/>\t\t\t\t\t\t\t\t\t\t\t\t\t\t\t<\/div>\n\t\t\t\t<\/div>\n\t\t<div class=\"elementor-element elementor-element-7da27d0 e-con-full e-flex e-con e-child\" data-id=\"7da27d0\" data-element_type=\"container\">\n\t\t\t\t<div class=\"elementor-element elementor-element-258c164 elementor-widget elementor-widget-heading\" data-id=\"258c164\" data-element_type=\"widget\" data-widget_type=\"heading.default\">\n\t\t\t\t\t<h3 class=\"elementor-heading-title elementor-size-default\">PEMI PARTS M\u00c9XICO <\/h3>\t\t\t\t<\/div>\n\t\t\t\t<div class=\"elementor-element elementor-element-5e21ec0 elementor-widget elementor-widget-text-editor\" data-id=\"5e21ec0\" data-element_type=\"widget\" data-widget_type=\"text-editor.default\">\n\t\t\t\t\t\t\t\t\t<p data-start=\"820\" data-end=\"1024\">A local operation specialized in the import, distribution, and support of industrial spare parts. We facilitate access to reliable and fast solutions, tailored to the needs of the Mexican market.<\/p><p data-start=\"820\" data-end=\"1024\">Location: M\u00e9xico\u00a0<\/p>\t\t\t\t\t\t\t\t<\/div>\n\t\t\t\t<\/div>\n\t\t<div class=\"elementor-element elementor-element-797295e e-con-full e-flex e-con e-child\" data-id=\"797295e\" data-element_type=\"container\">\n\t\t\t\t<\/div>\n\t\t\t\t<\/div>\n\t\t\t\t<\/div>\n\t\t<div class=\"elementor-element elementor-element-b317a20 e-con-full e-flex e-con e-child\" data-id=\"b317a20\" data-element_type=\"container\" data-settings=\"{&quot;background_background&quot;:&quot;classic&quot;}\">\n\t\t<div class=\"elementor-element elementor-element-7c2c99e e-con-full e-flex e-con e-child\" data-id=\"7c2c99e\" data-element_type=\"container\">\n\t\t<div class=\"elementor-element elementor-element-f902e0b e-con-full e-flex e-con e-child\" data-id=\"f902e0b\" data-element_type=\"container\">\n\t\t\t\t<div class=\"elementor-element elementor-element-18bb5ec elementor-widget elementor-widget-image\" data-id=\"18bb5ec\" data-element_type=\"widget\" data-widget_type=\"image.default\">\n\t\t\t\t\t\t\t\t\t\t\t\t\t\t\t<img decoding=\"async\" width=\"270\" height=\"145\" src=\"https:\/\/m7c.723.mytemp.website\/wp-content\/uploads\/2025\/12\/logo-2.jpg\" class=\"attachment-full size-full wp-image-870\" alt=\"\" srcset=\"https:\/\/m7c.723.mytemp.website\/wp-content\/uploads\/2025\/12\/logo-2.jpg 270w, https:\/\/m7c.723.mytemp.website\/wp-content\/uploads\/2025\/12\/logo-2-200x107.jpg 200w\" sizes=\"(max-width: 270px) 100vw, 270px\" \/>\t\t\t\t\t\t\t\t\t\t\t\t\t\t\t<\/div>\n\t\t\t\t<\/div>\n\t\t<div class=\"elementor-element elementor-element-6b7b691 e-con-full e-flex e-con e-child\" data-id=\"6b7b691\" data-element_type=\"container\">\n\t\t\t\t<div class=\"elementor-element elementor-element-0d6282f elementor-widget elementor-widget-heading\" data-id=\"0d6282f\" data-element_type=\"widget\" data-widget_type=\"heading.default\">\n\t\t\t\t\t<h3 class=\"elementor-heading-title elementor-size-default\">REDEPARTES<\/h3>\t\t\t\t<\/div>\n\t\t\t\t<div class=\"elementor-element elementor-element-64f91a0 elementor-widget elementor-widget-text-editor\" data-id=\"64f91a0\" data-element_type=\"widget\" data-widget_type=\"text-editor.default\">\n\t\t\t\t\t\t\t\t\t<p>Specialized solutions for each sector driving development<\/p><p>From mining and construction to power generation and transportation, at REDEPARTES we provide the exact spare part for your operation.<\/p><p>Location: Colombia<\/p>\t\t\t\t\t\t\t\t<\/div>\n\t\t\t\t<\/div>\n\t\t<div class=\"elementor-element elementor-element-e9cd278 e-con-full e-flex e-con e-child\" data-id=\"e9cd278\" data-element_type=\"container\">\n\t\t\t\t<\/div>\n\t\t\t\t<\/div>\n\t\t\t\t<\/div>\n\t\t<div class=\"elementor-element elementor-element-e499ea7 e-con-full e-flex e-con e-child\" data-id=\"e499ea7\" data-element_type=\"container\" data-settings=\"{&quot;background_background&quot;:&quot;classic&quot;}\">\n\t\t<div class=\"elementor-element elementor-element-ba7c48a e-con-full e-flex e-con e-child\" data-id=\"ba7c48a\" data-element_type=\"container\">\n\t\t<div class=\"elementor-element elementor-element-140e0e9 e-con-full e-flex e-con e-child\" data-id=\"140e0e9\" data-element_type=\"container\">\n\t\t\t\t<div class=\"elementor-element elementor-element-f700f4b elementor-widget elementor-widget-image\" data-id=\"f700f4b\" data-element_type=\"widget\" data-widget_type=\"image.default\">\n\t\t\t\t\t\t\t\t\t\t\t\t\t\t\t<img decoding=\"async\" width=\"320\" height=\"167\" src=\"https:\/\/m7c.723.mytemp.website\/wp-content\/uploads\/2026\/02\/logo-power-new.png\" class=\"attachment-full size-full wp-image-1198\" alt=\"\" srcset=\"https:\/\/m7c.723.mytemp.website\/wp-content\/uploads\/2026\/02\/logo-power-new.png 320w, https:\/\/m7c.723.mytemp.website\/wp-content\/uploads\/2026\/02\/logo-power-new-300x157.png 300w, https:\/\/m7c.723.mytemp.website\/wp-content\/uploads\/2026\/02\/logo-power-new-18x9.png 18w, https:\/\/m7c.723.mytemp.website\/wp-content\/uploads\/2026\/02\/logo-power-new-200x104.png 200w\" sizes=\"(max-width: 320px) 100vw, 320px\" \/>\t\t\t\t\t\t\t\t\t\t\t\t\t\t\t<\/div>\n\t\t\t\t<\/div>\n\t\t<div class=\"elementor-element elementor-element-87f114c e-con-full e-flex e-con e-child\" data-id=\"87f114c\" data-element_type=\"container\">\n\t\t\t\t<div class=\"elementor-element elementor-element-1c2e08d elementor-widget elementor-widget-heading\" data-id=\"1c2e08d\" data-element_type=\"widget\" data-widget_type=\"heading.default\">\n\t\t\t\t\t<h3 class=\"elementor-heading-title elementor-size-default\">POWERPARTS<\/h3>\t\t\t\t<\/div>\n\t\t\t\t<div class=\"elementor-element elementor-element-21b7e17 elementor-widget elementor-widget-text-editor\" data-id=\"21b7e17\" data-element_type=\"widget\" data-widget_type=\"text-editor.default\">\n\t\t\t\t\t\t\t\t\t<p>A division specialized in the supply of high-performance components and spare parts. We provide certified alternatives to ensure stable operation, optimal performance, and immediate availability for demanding projects.<\/p><p>Location: Guyana<\/p>\t\t\t\t\t\t\t\t<\/div>\n\t\t\t\t<\/div>\n\t\t<div class=\"elementor-element elementor-element-66c10bb e-con-full e-flex e-con e-child\" data-id=\"66c10bb\" data-element_type=\"container\">\n\t\t\t\t<\/div>\n\t\t\t\t<\/div>\n\t\t\t\t<\/div>\n\t\t<div class=\"elementor-element elementor-element-91ba121 e-con-full e-flex e-con e-child\" data-id=\"91ba121\" data-element_type=\"container\" data-settings=\"{&quot;background_background&quot;:&quot;classic&quot;}\">\n\t\t<div class=\"elementor-element elementor-element-4b6afb5 e-con-full e-flex e-con e-child\" data-id=\"4b6afb5\" data-element_type=\"container\">\n\t\t<div class=\"elementor-element elementor-element-c188ba3 e-con-full e-flex e-con e-child\" data-id=\"c188ba3\" data-element_type=\"container\">\n\t\t\t\t<div class=\"elementor-element elementor-element-0f64d70 elementor-widget elementor-widget-image\" data-id=\"0f64d70\" data-element_type=\"widget\" data-widget_type=\"image.default\">\n\t\t\t\t\t\t\t\t\t\t\t\t\t\t\t<img loading=\"lazy\" decoding=\"async\" width=\"2451\" height=\"1213\" src=\"https:\/\/m7c.723.mytemp.website\/wp-content\/uploads\/2026\/01\/Logo-con-texto-debajo.jpg\" class=\"attachment-full size-full wp-image-1088\" alt=\"\" srcset=\"https:\/\/m7c.723.mytemp.website\/wp-content\/uploads\/2026\/01\/Logo-con-texto-debajo.jpg 2451w, https:\/\/m7c.723.mytemp.website\/wp-content\/uploads\/2026\/01\/Logo-con-texto-debajo-300x148.jpg 300w, https:\/\/m7c.723.mytemp.website\/wp-content\/uploads\/2026\/01\/Logo-con-texto-debajo-1024x507.jpg 1024w, https:\/\/m7c.723.mytemp.website\/wp-content\/uploads\/2026\/01\/Logo-con-texto-debajo-768x380.jpg 768w, https:\/\/m7c.723.mytemp.website\/wp-content\/uploads\/2026\/01\/Logo-con-texto-debajo-1536x760.jpg 1536w, https:\/\/m7c.723.mytemp.website\/wp-content\/uploads\/2026\/01\/Logo-con-texto-debajo-2048x1014.jpg 2048w, https:\/\/m7c.723.mytemp.website\/wp-content\/uploads\/2026\/01\/Logo-con-texto-debajo-18x9.jpg 18w, https:\/\/m7c.723.mytemp.website\/wp-content\/uploads\/2026\/01\/Logo-con-texto-debajo-200x99.jpg 200w\" sizes=\"(max-width: 2451px) 100vw, 2451px\" \/>\t\t\t\t\t\t\t\t\t\t\t\t\t\t\t<\/div>\n\t\t\t\t<\/div>\n\t\t<div class=\"elementor-element elementor-element-0693ef9 e-con-full e-flex e-con e-child\" data-id=\"0693ef9\" data-element_type=\"container\">\n\t\t\t\t<div class=\"elementor-element elementor-element-8723ef1 elementor-widget elementor-widget-heading\" data-id=\"8723ef1\" data-element_type=\"widget\" data-widget_type=\"heading.default\">\n\t\t\t\t\t<h3 class=\"elementor-heading-title elementor-size-default\">EUROGLOBAL<\/h3>\t\t\t\t<\/div>\n\t\t\t\t<div class=\"elementor-element elementor-element-8f9f961 elementor-widget elementor-widget-text-editor\" data-id=\"8f9f961\" data-element_type=\"widget\" data-widget_type=\"text-editor.default\">\n\t\t\t\t\t\t\t\t\t<p>EUROGLOBAL PARTS is a qualified supplier offering comprehensive and efficient solutions in equipment and services for industry. We maintain constant contact with suppliers to negotiate the best prices and delivery terms.<\/p><p>Personalized attention<\/p><p>We handle the procurement and supply chain of MRO goods<br \/>(Maintenance, Repair, Operations) for the industry (steel mills, breweries,<br \/>cement plants, power plants, automobiles, transportation, among others.<\/p><p>Ahrensburg Alemania<\/p>\t\t\t\t\t\t\t\t<\/div>\n\t\t\t\t<\/div>\n\t\t<div class=\"elementor-element elementor-element-ada39df e-con-full e-flex e-con e-child\" data-id=\"ada39df\" data-element_type=\"container\">\n\t\t\t\t<\/div>\n\t\t\t\t<\/div>\n\t\t\t\t<\/div>\n\t\t\t\t\t<\/div>\n\t\t\t\t<\/div>\n\t\t\t\t<\/div>","protected":false},"excerpt":{"rendered":"<p>Nuestras compa\u00f1ias Una red que impulsa soluciones para m\u00faltiples industrias Nuestro grupo empresarial integra compa\u00f1\u00edas especializadas en abastecimiento, distribuci\u00f3n y soluciones tecnol\u00f3gicas para m\u00faltiples industrias. Cada una aporta experiencia, innovaci\u00f3n y respaldo operativo, creando una red s\u00f3lida que garantiza procesos eficientes, continuidad operativa y servicios dise\u00f1ados para las necesidades reales de nuestros clientes. Trabajamos bajo [&hellip;]<\/p>","protected":false},"author":1,"featured_media":0,"parent":0,"menu_order":0,"comment_status":"closed","ping_status":"closed","template":"elementor_header_footer","meta":{"footnotes":""},"class_list":["post-837","page","type-page","status-publish","hentry"],"_links":{"self":[{"href":"https:\/\/m7c.723.mytemp.website\/en\/wp-json\/wp\/v2\/pages\/837","targetHints":{"allow":["GET"]}}],"collection":[{"href":"https:\/\/m7c.723.mytemp.website\/en\/wp-json\/wp\/v2\/pages"}],"about":[{"href":"https:\/\/m7c.723.mytemp.website\/en\/wp-json\/wp\/v2\/types\/page"}],"author":[{"embeddable":true,"href":"https:\/\/m7c.723.mytemp.website\/en\/wp-json\/wp\/v2\/users\/1"}],"replies":[{"embeddable":true,"href":"https:\/\/m7c.723.mytemp.website\/en\/wp-json\/wp\/v2\/comments?post=837"}],"version-history":[{"count":31,"href":"https:\/\/m7c.723.mytemp.website\/en\/wp-json\/wp\/v2\/pages\/837\/revisions"}],"predecessor-version":[{"id":1343,"href":"https:\/\/m7c.723.mytemp.website\/en\/wp-json\/wp\/v2\/pages\/837\/revisions\/1343"}],"wp:attachment":[{"href":"https:\/\/m7c.723.mytemp.website\/en\/wp-json\/wp\/v2\/media?parent=837"}],"curies":[{"name":"wp","href":"https:\/\/api.w.org\/{rel}","templated":true}]}}