{"id":751,"date":"2025-10-09T08:40:53","date_gmt":"2025-10-09T13:40:53","guid":{"rendered":"https:\/\/m7c.723.mytemp.website\/?page_id=751"},"modified":"2025-10-09T08:44:26","modified_gmt":"2025-10-09T13:44:26","slug":"preguntas-frecuentes","status":"publish","type":"page","link":"https:\/\/m7c.723.mytemp.website\/en\/preguntas-frecuentes\/","title":{"rendered":"Preguntas frecuentes"},"content":{"rendered":"<div data-elementor-type=\"wp-page\" data-elementor-id=\"751\" class=\"elementor elementor-751\">\n\t\t\t\t\t\t<section class=\"elementor-section elementor-top-section elementor-element elementor-element-3db39d59 elementor-section-height-min-height elementor-section-boxed elementor-section-height-default elementor-section-items-middle\" data-id=\"3db39d59\" data-element_type=\"section\" data-settings=\"{&quot;background_background&quot;:&quot;classic&quot;}\">\n\t\t\t\t\t\t\t<div class=\"elementor-background-overlay\"><\/div>\n\t\t\t\t\t\t\t<div class=\"elementor-container elementor-column-gap-default\">\n\t\t\t\t\t<div class=\"elementor-column elementor-col-100 elementor-top-column elementor-element elementor-element-262aa23e\" data-id=\"262aa23e\" data-element_type=\"column\">\n\t\t\t<div class=\"elementor-widget-wrap elementor-element-populated\">\n\t\t\t\t\t\t<div class=\"elementor-element elementor-element-40bd436 elementor-widget elementor-widget-heading\" data-id=\"40bd436\" data-element_type=\"widget\" data-widget_type=\"heading.default\">\n\t\t\t\t\t<h2 class=\"elementor-heading-title elementor-size-default\">Preguntas frecuentes<\/h2>\t\t\t\t<\/div>\n\t\t\t\t\t<\/div>\n\t\t<\/div>\n\t\t\t\t\t<\/div>\n\t\t<\/section>\n\t\t<div class=\"elementor-element elementor-element-2166ebb1 e-flex e-con-boxed e-con e-parent\" data-id=\"2166ebb1\" data-element_type=\"container\">\n\t\t\t\t\t<div class=\"e-con-inner\">\n\t\t<div class=\"elementor-element elementor-element-24a40c0a e-con-full e-flex e-con e-child\" data-id=\"24a40c0a\" data-element_type=\"container\">\n\t\t\t\t<div class=\"elementor-element elementor-element-5590f717 elementor-widget elementor-widget-image\" data-id=\"5590f717\" data-element_type=\"widget\" data-widget_type=\"image.default\">\n\t\t\t\t\t\t\t\t\t\t\t\t\t\t\t<img fetchpriority=\"high\" decoding=\"async\" width=\"1920\" height=\"1000\" src=\"https:\/\/m7c.723.mytemp.website\/wp-content\/uploads\/2025\/09\/pemi46.jpg\" class=\"attachment-full size-full wp-image-363\" alt=\"\" srcset=\"https:\/\/m7c.723.mytemp.website\/wp-content\/uploads\/2025\/09\/pemi46.jpg 1920w, https:\/\/m7c.723.mytemp.website\/wp-content\/uploads\/2025\/09\/pemi46-300x156.jpg 300w, https:\/\/m7c.723.mytemp.website\/wp-content\/uploads\/2025\/09\/pemi46-1024x533.jpg 1024w, https:\/\/m7c.723.mytemp.website\/wp-content\/uploads\/2025\/09\/pemi46-768x400.jpg 768w, https:\/\/m7c.723.mytemp.website\/wp-content\/uploads\/2025\/09\/pemi46-1536x800.jpg 1536w, https:\/\/m7c.723.mytemp.website\/wp-content\/uploads\/2025\/09\/pemi46-200x104.jpg 200w\" sizes=\"(max-width: 1920px) 100vw, 1920px\" \/>\t\t\t\t\t\t\t\t\t\t\t\t\t\t\t<\/div>\n\t\t\t\t<\/div>\n\t\t<div class=\"elementor-element elementor-element-ff5cb64 e-con-full e-flex e-con e-child\" data-id=\"ff5cb64\" data-element_type=\"container\">\n\t\t\t\t<div class=\"elementor-element elementor-element-57e6843b elementor-icon-list--layout-traditional elementor-list-item-link-full_width elementor-widget elementor-widget-icon-list\" data-id=\"57e6843b\" data-element_type=\"widget\" data-widget_type=\"icon-list.default\">\n\t\t\t\t\t\t\t<ul class=\"elementor-icon-list-items\">\n\t\t\t\t\t\t\t<li class=\"elementor-icon-list-item\">\n\t\t\t\t\t\t\t\t\t\t\t<span class=\"elementor-icon-list-icon\">\n\t\t\t\t\t\t\t<i aria-hidden=\"true\" class=\"icon icon-minus\"><\/i>\t\t\t\t\t\t<\/span>\n\t\t\t\t\t\t\t\t\t\t<span class=\"elementor-icon-list-text\">Preguntas Frecuentes<\/span>\n\t\t\t\t\t\t\t\t\t<\/li>\n\t\t\t\t\t\t<\/ul>\n\t\t\t\t\t\t<\/div>\n\t\t\t\t<div class=\"elementor-element elementor-element-c078d2b elementor-widget elementor-widget-elementskit-accordion\" data-id=\"c078d2b\" data-element_type=\"widget\" data-widget_type=\"elementskit-accordion.default\">\n\t\t\t\t\t<div class=\"ekit-wid-con\" >\n        <div class=\"elementskit-accordion accoedion-primary\" id=\"accordion-6a08ae4500ee4\">\n\n            \n                <div class=\"elementskit-card active\">\n                    <div class=\"elementskit-card-header\" id=\"primaryHeading-0-c078d2b\">\n                        <a href=\"#collapse-48380d66a08ae4500ee4\" class=\"ekit-accordion--toggler elementskit-btn-link collapsed\" data-ekit-toggle=\"collapse\" data-target=\"#Collapse-48380d66a08ae4500ee4\" aria-expanded=\"true\" aria-controls=\"Collapse-48380d66a08ae4500ee4\">\n                            \n                            <span class=\"ekit-accordion-title\">\u00bfQu\u00e9 diferencias hay entre repuestos genuinos, OEM y aftermarket?<\/span>\n\n                            \n                                <div class=\"ekit_accordion_icon_group\">\n                                    <div class=\"ekit_accordion_normal_icon\">\n                                        <!-- Normal Icon -->\n\t\t\t\t\t\t\t\t\t\t<i class=\"icon icon-plus\"><\/i>                                    <\/div>\n\n                                    <div class=\"ekit_accordion_active_icon\">\n                                        <!-- Active Icon -->\n\t\t\t\t\t\t\t\t\t\t<i class=\"icon icon-minus\"><\/i>                                    <\/div>\n                                <\/div>\n\n                            \n                                                    <\/a>\n                    <\/div>\n\n                    <div id=\"Collapse-48380d66a08ae4500ee4\" class=\"show collapse\" aria-labelledby=\"primaryHeading-0-c078d2b\" data-parent=\"#accordion-6a08ae4500ee4\">\n\n                        <div class=\"elementskit-card-body ekit-accordion--content\">\n                            <p>\u2013 <strong>Genuinos \/ OEM:<\/strong> Fabricados con las especificaciones originales del equipo, garantizan compatibilidad, durabilidad y respaldo del fabricante.<br \/>\u2013 <strong>Aftermarket:<\/strong> Alternativas fabricadas por terceros, que pueden ofrecer un costo m\u00e1s competitivo, pero deben cumplir est\u00e1ndares t\u00e9cnicos.<br \/>En Pemi Parts evaluamos cada componente, recomendando la opci\u00f3n adecuada seg\u00fan disponibilidad, presupuesto y exigencia operativa.<\/p>                        <\/div>\n\n                    <\/div>\n\n                <\/div><!-- .elementskit-card END -->\n\n                \n                <div class=\"elementskit-card\">\n                    <div class=\"elementskit-card-header\" id=\"primaryHeading-1-c078d2b\">\n                        <a href=\"#collapse-270b9cd6a08ae4500ee4\" class=\"ekit-accordion--toggler elementskit-btn-link collapsed\" data-ekit-toggle=\"collapse\" data-target=\"#Collapse-270b9cd6a08ae4500ee4\" aria-expanded=\"false\" aria-controls=\"Collapse-270b9cd6a08ae4500ee4\">\n                            \n                            <span class=\"ekit-accordion-title\">\u00bfCu\u00e1nto tiempo tarda en entregarse un repuesto que no est\u00e1 en stock local?<\/span>\n\n                            \n                                <div class=\"ekit_accordion_icon_group\">\n                                    <div class=\"ekit_accordion_normal_icon\">\n                                        <!-- Normal Icon -->\n\t\t\t\t\t\t\t\t\t\t<i class=\"icon icon-plus\"><\/i>                                    <\/div>\n\n                                    <div class=\"ekit_accordion_active_icon\">\n                                        <!-- Active Icon -->\n\t\t\t\t\t\t\t\t\t\t<i class=\"icon icon-minus\"><\/i>                                    <\/div>\n                                <\/div>\n\n                            \n                                                    <\/a>\n                    <\/div>\n\n                    <div id=\"Collapse-270b9cd6a08ae4500ee4\" class=\"collapse\" aria-labelledby=\"primaryHeading-1-c078d2b\" data-parent=\"#accordion-6a08ae4500ee4\">\n\n                        <div class=\"elementskit-card-body ekit-accordion--content\">\n                            <p>Cuando el repuesto no se encuentra en stock, lo importamos desde nuestros proveedores globales en EE.UU., Europa o Asia. El tiempo de entrega depender\u00e1 de la ruta log\u00edstica (a\u00e9rea, mar\u00edtima o terrestre) y los tr\u00e1mites aduaneros, pero siempre le informamos una estimaci\u00f3n al momento de cotizar para que pueda planificar.<\/p>                        <\/div>\n\n                    <\/div>\n\n                <\/div><!-- .elementskit-card END -->\n\n                \n                <div class=\"elementskit-card\">\n                    <div class=\"elementskit-card-header\" id=\"primaryHeading-2-c078d2b\">\n                        <a href=\"#collapse-b3fcbfb6a08ae4500ee4\" class=\"ekit-accordion--toggler elementskit-btn-link collapsed\" data-ekit-toggle=\"collapse\" data-target=\"#Collapse-b3fcbfb6a08ae4500ee4\" aria-expanded=\"false\" aria-controls=\"Collapse-b3fcbfb6a08ae4500ee4\">\n                            \n                            <span class=\"ekit-accordion-title\">\u00bfOfrecen garant\u00eda o soporte t\u00e9cnico sobre los repuestos suministrados?<\/span>\n\n                            \n                                <div class=\"ekit_accordion_icon_group\">\n                                    <div class=\"ekit_accordion_normal_icon\">\n                                        <!-- Normal Icon -->\n\t\t\t\t\t\t\t\t\t\t<i class=\"icon icon-plus\"><\/i>                                    <\/div>\n\n                                    <div class=\"ekit_accordion_active_icon\">\n                                        <!-- Active Icon -->\n\t\t\t\t\t\t\t\t\t\t<i class=\"icon icon-minus\"><\/i>                                    <\/div>\n                                <\/div>\n\n                            \n                                                    <\/a>\n                    <\/div>\n\n                    <div id=\"Collapse-b3fcbfb6a08ae4500ee4\" class=\"collapse\" aria-labelledby=\"primaryHeading-2-c078d2b\" data-parent=\"#accordion-6a08ae4500ee4\">\n\n                        <div class=\"elementskit-card-body ekit-accordion--content\">\n                            <p>S\u00ed. Todos los repuestos vendidos por Pemi Parts cuentan con garant\u00eda seg\u00fan su naturaleza (genuino, OEM o aftermarket). Adem\u00e1s, brindamos soporte t\u00e9cnico especializado: asesor\u00eda en instalaci\u00f3n, diagn\u00f3stico de fallas y disponibilidad de documentaci\u00f3n t\u00e9cnica.<\/p>                        <\/div>\n\n                    <\/div>\n\n                <\/div><!-- .elementskit-card END -->\n\n                \n                <div class=\"elementskit-card\">\n                    <div class=\"elementskit-card-header\" id=\"primaryHeading-3-c078d2b\">\n                        <a href=\"#collapse-191097b6a08ae4500ee4\" class=\"ekit-accordion--toggler elementskit-btn-link collapsed\" data-ekit-toggle=\"collapse\" data-target=\"#Collapse-191097b6a08ae4500ee4\" aria-expanded=\"false\" aria-controls=\"Collapse-191097b6a08ae4500ee4\">\n                            \n                            <span class=\"ekit-accordion-title\">\u00bfPueden realizar el reacondicionamiento o intercambio de piezas cr\u00edticas?<\/span>\n\n                            \n                                <div class=\"ekit_accordion_icon_group\">\n                                    <div class=\"ekit_accordion_normal_icon\">\n                                        <!-- Normal Icon -->\n\t\t\t\t\t\t\t\t\t\t<i class=\"icon icon-plus\"><\/i>                                    <\/div>\n\n                                    <div class=\"ekit_accordion_active_icon\">\n                                        <!-- Active Icon -->\n\t\t\t\t\t\t\t\t\t\t<i class=\"icon icon-minus\"><\/i>                                    <\/div>\n                                <\/div>\n\n                            \n                                                    <\/a>\n                    <\/div>\n\n                    <div id=\"Collapse-191097b6a08ae4500ee4\" class=\"collapse\" aria-labelledby=\"primaryHeading-3-c078d2b\" data-parent=\"#accordion-6a08ae4500ee4\">\n\n                        <div class=\"elementskit-card-body ekit-accordion--content\">\n                            <p>S\u00ed, uno de nuestros servicios es el <strong>reacondicionamiento, restauraci\u00f3n e intercambio (componentes exchange)<\/strong> de piezas cr\u00edticas. Aplicamos procesos de limpieza, mecanizado y pruebas funcionales para restaurar piezas con rendimiento equivalente al nuevo, reduciendo costos y tiempos de parada.<\/p>                        <\/div>\n\n                    <\/div>\n\n                <\/div><!-- .elementskit-card END -->\n\n                \n                <div class=\"elementskit-card\">\n                    <div class=\"elementskit-card-header\" id=\"primaryHeading-4-c078d2b\">\n                        <a href=\"#collapse-375ab506a08ae4500ee4\" class=\"ekit-accordion--toggler elementskit-btn-link collapsed\" data-ekit-toggle=\"collapse\" data-target=\"#Collapse-375ab506a08ae4500ee4\" aria-expanded=\"false\" aria-controls=\"Collapse-375ab506a08ae4500ee4\">\n                            \n                            <span class=\"ekit-accordion-title\">\u00bfC\u00f3mo aseguran la calidad y autenticidad de los repuestos importados?<\/span>\n\n                            \n                                <div class=\"ekit_accordion_icon_group\">\n                                    <div class=\"ekit_accordion_normal_icon\">\n                                        <!-- Normal Icon -->\n\t\t\t\t\t\t\t\t\t\t<i class=\"icon icon-plus\"><\/i>                                    <\/div>\n\n                                    <div class=\"ekit_accordion_active_icon\">\n                                        <!-- Active Icon -->\n\t\t\t\t\t\t\t\t\t\t<i class=\"icon icon-minus\"><\/i>                                    <\/div>\n                                <\/div>\n\n                            \n                                                    <\/a>\n                    <\/div>\n\n                    <div id=\"Collapse-375ab506a08ae4500ee4\" class=\"collapse\" aria-labelledby=\"primaryHeading-4-c078d2b\" data-parent=\"#accordion-6a08ae4500ee4\">\n\n                        <div class=\"elementskit-card-body ekit-accordion--content\">\n                            <p>Contamos con una red de proveedores certificados y reconocidos internacionalmente. Antes de aceptar cualquier lote, se realizan inspecciones, verificaci\u00f3n de especificaciones t\u00e9cnicas, trazabilidad documental y pruebas cuando aplica. Esto garantiza que cada componente que entregamos cumple con los requerimientos del cliente y los est\u00e1ndares industriales.<\/p>                        <\/div>\n\n                    <\/div>\n\n                <\/div><!-- .elementskit-card END -->\n\n                                        <\/div>\n    <\/div>\t\t\t\t<\/div>\n\t\t\t\t<\/div>\n\t\t\t\t\t<\/div>\n\t\t\t\t<\/div>\n\t\t\t\t<\/div>","protected":false},"excerpt":{"rendered":"<p>Preguntas frecuentes Preguntas Frecuentes \u00bfQu\u00e9 diferencias hay entre repuestos genuinos, OEM y aftermarket? \u2013 Genuinos \/ OEM: Fabricados con las especificaciones originales del equipo, garantizan compatibilidad, durabilidad y respaldo del fabricante.\u2013 Aftermarket: Alternativas fabricadas por terceros, que pueden ofrecer un costo m\u00e1s competitivo, pero deben cumplir est\u00e1ndares t\u00e9cnicos.En Pemi Parts evaluamos cada componente, recomendando la [&hellip;]<\/p>","protected":false},"author":1,"featured_media":0,"parent":0,"menu_order":0,"comment_status":"closed","ping_status":"closed","template":"elementor_header_footer","meta":{"footnotes":""},"class_list":["post-751","page","type-page","status-publish","hentry"],"_links":{"self":[{"href":"https:\/\/m7c.723.mytemp.website\/en\/wp-json\/wp\/v2\/pages\/751","targetHints":{"allow":["GET"]}}],"collection":[{"href":"https:\/\/m7c.723.mytemp.website\/en\/wp-json\/wp\/v2\/pages"}],"about":[{"href":"https:\/\/m7c.723.mytemp.website\/en\/wp-json\/wp\/v2\/types\/page"}],"author":[{"embeddable":true,"href":"https:\/\/m7c.723.mytemp.website\/en\/wp-json\/wp\/v2\/users\/1"}],"replies":[{"embeddable":true,"href":"https:\/\/m7c.723.mytemp.website\/en\/wp-json\/wp\/v2\/comments?post=751"}],"version-history":[{"count":4,"href":"https:\/\/m7c.723.mytemp.website\/en\/wp-json\/wp\/v2\/pages\/751\/revisions"}],"predecessor-version":[{"id":755,"href":"https:\/\/m7c.723.mytemp.website\/en\/wp-json\/wp\/v2\/pages\/751\/revisions\/755"}],"wp:attachment":[{"href":"https:\/\/m7c.723.mytemp.website\/en\/wp-json\/wp\/v2\/media?parent=751"}],"curies":[{"name":"wp","href":"https:\/\/api.w.org\/{rel}","templated":true}]}}