{"id":254,"date":"2025-09-23T09:56:03","date_gmt":"2025-09-23T14:56:03","guid":{"rendered":"https:\/\/m7c.723.mytemp.website\/?page_id=254"},"modified":"2026-02-19T11:10:38","modified_gmt":"2026-02-19T16:10:38","slug":"quienes-somos","status":"publish","type":"page","link":"https:\/\/m7c.723.mytemp.website\/en\/quienes-somos\/","title":{"rendered":"Who we are"},"content":{"rendered":"<div data-elementor-type=\"wp-page\" data-elementor-id=\"254\" class=\"elementor elementor-254\">\n\t\t\t\t\t\t<section class=\"elementor-section elementor-top-section elementor-element elementor-element-178ea42a elementor-section-height-min-height elementor-section-boxed elementor-section-height-default elementor-section-items-middle\" data-id=\"178ea42a\" data-element_type=\"section\" data-settings=\"{&quot;background_background&quot;:&quot;classic&quot;}\">\n\t\t\t\t\t\t\t<div class=\"elementor-background-overlay\"><\/div>\n\t\t\t\t\t\t\t<div class=\"elementor-container elementor-column-gap-default\">\n\t\t\t\t\t<div class=\"elementor-column elementor-col-100 elementor-top-column elementor-element elementor-element-3d922b51\" data-id=\"3d922b51\" data-element_type=\"column\">\n\t\t\t<div class=\"elementor-widget-wrap elementor-element-populated\">\n\t\t\t\t\t\t<div class=\"elementor-element elementor-element-a8a4bf5 elementor-widget elementor-widget-heading\" data-id=\"a8a4bf5\" data-element_type=\"widget\" data-widget_type=\"heading.default\">\n\t\t\t\t\t<h2 class=\"elementor-heading-title elementor-size-default\">Who We Are<\/h2>\t\t\t\t<\/div>\n\t\t\t\t\t<\/div>\n\t\t<\/div>\n\t\t\t\t\t<\/div>\n\t\t<\/section>\n\t\t\t\t<section class=\"elementor-section elementor-top-section elementor-element elementor-element-66788f6a elementor-section-boxed elementor-section-height-default elementor-section-height-default\" data-id=\"66788f6a\" data-element_type=\"section\">\n\t\t\t\t\t\t<div class=\"elementor-container elementor-column-gap-default\">\n\t\t\t\t\t<div class=\"elementor-column elementor-col-50 elementor-top-column elementor-element elementor-element-6cf8724e\" data-id=\"6cf8724e\" data-element_type=\"column\">\n\t\t\t<div class=\"elementor-widget-wrap elementor-element-populated\">\n\t\t\t\t\t\t<div class=\"elementor-element elementor-element-2c823e9 animated-slow elementor-invisible elementor-widget elementor-widget-image\" data-id=\"2c823e9\" data-element_type=\"widget\" data-settings=\"{&quot;_animation&quot;:&quot;bounce&quot;}\" data-widget_type=\"image.default\">\n\t\t\t\t\t\t\t\t\t\t\t\t\t\t\t<img fetchpriority=\"high\" decoding=\"async\" width=\"1415\" height=\"1013\" src=\"https:\/\/m7c.723.mytemp.website\/wp-content\/uploads\/2025\/12\/fachadaPemi-Parts.jpg\" class=\"attachment-full size-full wp-image-952\" alt=\"\" srcset=\"https:\/\/m7c.723.mytemp.website\/wp-content\/uploads\/2025\/12\/fachadaPemi-Parts.jpg 1415w, https:\/\/m7c.723.mytemp.website\/wp-content\/uploads\/2025\/12\/fachadaPemi-Parts-300x215.jpg 300w, https:\/\/m7c.723.mytemp.website\/wp-content\/uploads\/2025\/12\/fachadaPemi-Parts-1024x733.jpg 1024w, https:\/\/m7c.723.mytemp.website\/wp-content\/uploads\/2025\/12\/fachadaPemi-Parts-768x550.jpg 768w, https:\/\/m7c.723.mytemp.website\/wp-content\/uploads\/2025\/12\/fachadaPemi-Parts-200x143.jpg 200w\" sizes=\"(max-width: 1415px) 100vw, 1415px\" \/>\t\t\t\t\t\t\t\t\t\t\t\t\t\t\t<\/div>\n\t\t\t\t\t<\/div>\n\t\t<\/div>\n\t\t\t\t<div class=\"elementor-column elementor-col-50 elementor-top-column elementor-element elementor-element-2292bcc4\" data-id=\"2292bcc4\" data-element_type=\"column\">\n\t\t\t<div class=\"elementor-widget-wrap elementor-element-populated\">\n\t\t\t\t\t\t<div class=\"elementor-element elementor-element-54df422d animated-slow elementor-invisible elementor-widget elementor-widget-heading\" data-id=\"54df422d\" data-element_type=\"widget\" data-settings=\"{&quot;_animation&quot;:&quot;fadeInRight&quot;}\" data-widget_type=\"heading.default\">\n\t\t\t\t\t<h4 class=\"elementor-heading-title elementor-size-default\">About Us<\/h4>\t\t\t\t<\/div>\n\t\t\t\t<div class=\"elementor-element elementor-element-60970b70 elementor-widget elementor-widget-text-editor\" data-id=\"60970b70\" data-element_type=\"widget\" data-widget_type=\"text-editor.default\">\n\t\t\t\t\t\t\t\t\t<p>Somos un proveedor internacional calificado con m\u00e1s de 10 a\u00f1os de experiencia en la industria, atendiendo a empresas de Europa, Am\u00e9rica y Asia.<br \/>Our company was founded in 2016, with headquarters in Miami, USA. Since then, we have specialized in the supply of spare parts, technical equipment, and specialized materials for a wide range of industrial sectors.<\/p><p>We have a highly skilled team with strong expertise in engineering and the industrial sector, allowing us to guarantee efficiency, quality, and reliability in every supply.<\/p>\t\t\t\t\t\t\t\t<\/div>\n\t\t\t\t\t<\/div>\n\t\t<\/div>\n\t\t\t\t\t<\/div>\n\t\t<\/section>\n\t\t\t\t<section class=\"elementor-section elementor-top-section elementor-element elementor-element-5db7444c elementor-section-full_width elementor-section-content-middle elementor-section-height-default elementor-section-height-default\" data-id=\"5db7444c\" data-element_type=\"section\" data-settings=\"{&quot;background_background&quot;:&quot;classic&quot;}\">\n\t\t\t\t\t\t\t<div class=\"elementor-background-overlay\"><\/div>\n\t\t\t\t\t\t\t<div class=\"elementor-container elementor-column-gap-wider\">\n\t\t\t\t\t<div class=\"elementor-column elementor-col-33 elementor-top-column elementor-element elementor-element-44c33a60\" data-id=\"44c33a60\" data-element_type=\"column\">\n\t\t\t<div class=\"elementor-widget-wrap elementor-element-populated\">\n\t\t\t\t\t\t<div class=\"elementor-element elementor-element-22cad5a1 elementor-widget elementor-widget-heading\" data-id=\"22cad5a1\" data-element_type=\"widget\" data-widget_type=\"heading.default\">\n\t\t\t\t\t<h3 class=\"elementor-heading-title elementor-size-default\">Our History <\/h3>\t\t\t\t<\/div>\n\t\t\t\t<div class=\"elementor-element elementor-element-75602113 elementor-widget elementor-widget-text-editor\" data-id=\"75602113\" data-element_type=\"widget\" data-widget_type=\"text-editor.default\">\n\t\t\t\t\t\t\t\t\t<p>Our history reflects a strong commitment to industry. We began in the power generation sector and today serve multiple industries with a global presence.<\/p>\t\t\t\t\t\t\t\t<\/div>\n\t\t\t\t\t<\/div>\n\t\t<\/div>\n\t\t\t\t<div class=\"elementor-column elementor-col-66 elementor-top-column elementor-element elementor-element-694a9df6\" data-id=\"694a9df6\" data-element_type=\"column\">\n\t\t\t<div class=\"elementor-widget-wrap elementor-element-populated\">\n\t\t\t\t\t\t<div class=\"elementor-element elementor-element-7b3b27fa elementor-widget elementor-widget-mdp-timeliner-elementor\" data-id=\"7b3b27fa\" data-element_type=\"widget\" data-widget_type=\"mdp-timeliner-elementor.default\">\n\t\t\t\t<div class=\"elementor-widget-container\">\n\t\t\t\t\t\n        <!-- Start Timeliner WordPress Plugin -->\n\n        <div id=\"mdp-timeline-7b3b27fa\" class=\"timeline mdp-timeline-7b3b27fa\">\n            <div class=\"timeline__wrap\">\n                <div class=\"timeline__items\">\n                    \n       <div class=\"timeline__item\">\n            <div class=\"timeline__content\">\n                        <h3 class=\"mdp-timeliner-title\">\n            <span><\/span>\n            2016            <span><\/span>\n        <\/h3>\n            <p class=\"mdp-timeliner-description\">\n            <span><\/span>\n            Founded in 2016 with a focus on the sale of spare parts for power generation plants.            <span><\/span>\n        <\/p>\n              <\/div>\n       <\/div>\n\n    \n       <div class=\"timeline__item\">\n            <div class=\"timeline__content\">\n                        <h3 class=\"mdp-timeliner-title\">\n            <span><\/span>\n            2018            <span><\/span>\n        <\/h3>\n            <p class=\"mdp-timeliner-description\">\n            <span><\/span>\n            In 2018, we expanded our business portfolio to include the industrial and maritime sectors.            <span><\/span>\n        <\/p>\n              <\/div>\n       <\/div>\n\n    \n       <div class=\"timeline__item\">\n            <div class=\"timeline__content\">\n                        <h3 class=\"mdp-timeliner-title\">\n            <span><\/span>\n            2023            <span><\/span>\n        <\/h3>\n            <p class=\"mdp-timeliner-description\">\n            <span><\/span>\n            In 2023, we relocated to a warehouse and office facility of more than 5,000 square feet.            <span><\/span>\n        <\/p>\n              <\/div>\n       <\/div>\n\n    \n       <div class=\"timeline__item\">\n            <div class=\"timeline__content\">\n                        <h3 class=\"mdp-timeliner-title\">\n            <span><\/span>\n            2024\/2025            <span><\/span>\n        <\/h3>\n            <p class=\"mdp-timeliner-description\">\n            <span><\/span>\n            In 2024\/2025, several well-known brands in the market selected us as their representative.            <span><\/span>\n        <\/p>\n              <\/div>\n       <\/div>\n\n                    <\/div>\n            <\/div>\n        <\/div>\n\n        <script>jQuery( window ).on( 'elementor\/frontend\/init', function(){window.MDPTimeliner_7b3b27fa = function () {elementorFrontend.hooks.addAction( 'frontend\/element_ready\/global', function() {jQuery('#mdp-timeline-7b3b27fa').timeline({\nmode: 'horizontal',\nhorizontalStartPosition: 'top',\nmoveItems: 1,\n\nstartIndex: 0,\nforceVerticalMode: 500,\nvisibleItems: 3\n}); });}; \nwindow.MDPTimeliner_7b3b27fa();});<\/script>\n\n        <!-- End Timeliner WordPress Plugin -->\n\t    \t\t\t\t<\/div>\n\t\t\t\t<\/div>\n\t\t\t\t\t<\/div>\n\t\t<\/div>\n\t\t\t\t\t<\/div>\n\t\t<\/section>\n\t\t<div class=\"elementor-element elementor-element-af324b1 e-flex e-con-boxed e-con e-parent\" data-id=\"af324b1\" data-element_type=\"container\">\n\t\t\t\t\t<div class=\"e-con-inner\">\n\t\t<div class=\"elementor-element elementor-element-39cc645 e-con-full e-flex e-con e-child\" data-id=\"39cc645\" data-element_type=\"container\">\n\t\t\t\t<div class=\"elementor-element elementor-element-8b9a8c8 elementor-widget elementor-widget-heading\" data-id=\"8b9a8c8\" data-element_type=\"widget\" data-widget_type=\"heading.default\">\n\t\t\t\t\t<h2 class=\"elementor-heading-title elementor-size-default\">Gallery<\/h2>\t\t\t\t<\/div>\n\t\t\t\t<div class=\"elementor-element elementor-element-8dec2a5 elementor-widget elementor-widget-text-editor\" data-id=\"8dec2a5\" data-element_type=\"widget\" data-widget_type=\"text-editor.default\">\n\t\t\t\t\t\t\t\t\t<p>Welcome to the PEMI Parts gallery, where we offer a direct view of our operations and infrastructure. Here you can explore our work areas, logistics processes, and facilities dedicated to the management of industrial spare parts, all designed under strict efficiency and control standards.<br data-start=\"406\" data-end=\"409\" \/>Browse the images and gain a clear understanding of how we operate.<\/p>\t\t\t\t\t\t\t\t<\/div>\n\t\t\t\t<\/div>\n\t\t\t\t<div class=\"elementor-element elementor-element-9cef843 elementor-arrows-position-inside elementor-pagination-position-outside elementor-widget elementor-widget-image-carousel\" data-id=\"9cef843\" data-element_type=\"widget\" data-settings=\"{&quot;slides_to_show&quot;:&quot;3&quot;,&quot;navigation&quot;:&quot;both&quot;,&quot;autoplay&quot;:&quot;yes&quot;,&quot;pause_on_hover&quot;:&quot;yes&quot;,&quot;pause_on_interaction&quot;:&quot;yes&quot;,&quot;autoplay_speed&quot;:5000,&quot;infinite&quot;:&quot;yes&quot;,&quot;speed&quot;:500,&quot;image_spacing_custom&quot;:{&quot;unit&quot;:&quot;px&quot;,&quot;size&quot;:20,&quot;sizes&quot;:[]},&quot;image_spacing_custom_widescreen&quot;:{&quot;unit&quot;:&quot;px&quot;,&quot;size&quot;:&quot;&quot;,&quot;sizes&quot;:[]},&quot;image_spacing_custom_laptop&quot;:{&quot;unit&quot;:&quot;px&quot;,&quot;size&quot;:&quot;&quot;,&quot;sizes&quot;:[]},&quot;image_spacing_custom_tablet&quot;:{&quot;unit&quot;:&quot;px&quot;,&quot;size&quot;:&quot;&quot;,&quot;sizes&quot;:[]},&quot;image_spacing_custom_mobile&quot;:{&quot;unit&quot;:&quot;px&quot;,&quot;size&quot;:&quot;&quot;,&quot;sizes&quot;:[]}}\" data-widget_type=\"image-carousel.default\">\n\t\t\t\t\t\t\t<div class=\"elementor-image-carousel-wrapper swiper\" role=\"region\" aria-roledescription=\"carousel\" aria-label=\"Carrusel de im\u00e1genes\" dir=\"ltr\">\n\t\t\t<div class=\"elementor-image-carousel swiper-wrapper\" aria-live=\"off\">\n\t\t\t\t\t\t\t\t<div class=\"swiper-slide\" role=\"group\" aria-roledescription=\"slide\" aria-label=\"1 of 13\" data-no-translation-aria-label=\"\"><figure class=\"swiper-slide-inner\"><img decoding=\"async\" class=\"swiper-slide-image\" src=\"https:\/\/m7c.723.mytemp.website\/wp-content\/uploads\/2026\/02\/pemip8sede.jpg\" alt=\"pemip8sede\" \/><\/figure><\/div><div class=\"swiper-slide\" role=\"group\" aria-roledescription=\"slide\" aria-label=\"2 of 13\" data-no-translation-aria-label=\"\"><figure class=\"swiper-slide-inner\"><img decoding=\"async\" class=\"swiper-slide-image\" src=\"https:\/\/m7c.723.mytemp.website\/wp-content\/uploads\/2026\/02\/pemip1.jpg\" alt=\"pemip1\" \/><\/figure><\/div><div class=\"swiper-slide\" role=\"group\" aria-roledescription=\"slide\" aria-label=\"3 of 13\" data-no-translation-aria-label=\"\"><figure class=\"swiper-slide-inner\"><img decoding=\"async\" class=\"swiper-slide-image\" src=\"https:\/\/m7c.723.mytemp.website\/wp-content\/uploads\/2026\/02\/pemip3.jpg\" alt=\"pemip3\" \/><\/figure><\/div><div class=\"swiper-slide\" role=\"group\" aria-roledescription=\"slide\" aria-label=\"4 of 13\" data-no-translation-aria-label=\"\"><figure class=\"swiper-slide-inner\"><img decoding=\"async\" class=\"swiper-slide-image\" src=\"https:\/\/m7c.723.mytemp.website\/wp-content\/uploads\/2026\/02\/pemip2.jpg\" alt=\"pemip2\" \/><\/figure><\/div><div class=\"swiper-slide\" role=\"group\" aria-roledescription=\"slide\" aria-label=\"5 of 13\" data-no-translation-aria-label=\"\"><figure class=\"swiper-slide-inner\"><img decoding=\"async\" class=\"swiper-slide-image\" src=\"https:\/\/m7c.723.mytemp.website\/wp-content\/uploads\/2026\/02\/pemipnostros_0004_pemi-fotos_0000_WhatsApp-Image-2025-12-15-at-2.49.50-PM-7.jpg\" alt=\"pemipnostros_0004_pemi-fotos_0000_WhatsApp-Image-2025-12-15-at-2.49.50-PM-7\" \/><\/figure><\/div><div class=\"swiper-slide\" role=\"group\" aria-roledescription=\"slide\" aria-label=\"6 of 13\" data-no-translation-aria-label=\"\"><figure class=\"swiper-slide-inner\"><img decoding=\"async\" class=\"swiper-slide-image\" src=\"https:\/\/m7c.723.mytemp.website\/wp-content\/uploads\/2026\/02\/pemipnostros_0002_pemi-fotos_0004_WhatsApp-Image-2025-12-15-at-2.49.50-PM-3.jpg\" alt=\"pemipnostros_0002_pemi-fotos_0004_WhatsApp-Image-2025-12-15-at-2.49.50-PM-3\" \/><\/figure><\/div><div class=\"swiper-slide\" role=\"group\" aria-roledescription=\"slide\" aria-label=\"7 of 13\" data-no-translation-aria-label=\"\"><figure class=\"swiper-slide-inner\"><img decoding=\"async\" class=\"swiper-slide-image\" src=\"https:\/\/m7c.723.mytemp.website\/wp-content\/uploads\/2026\/02\/pemipnostros_0003_pemi-fotos_0001_WhatsApp-Image-2025-12-15-at-2.49.50-PM-6.jpg\" alt=\"pemipnostros_0003_pemi-fotos_0001_WhatsApp-Image-2025-12-15-at-2.49.50-PM-6\" \/><\/figure><\/div><div class=\"swiper-slide\" role=\"group\" aria-roledescription=\"slide\" aria-label=\"8 of 13\" data-no-translation-aria-label=\"\"><figure class=\"swiper-slide-inner\"><img decoding=\"async\" class=\"swiper-slide-image\" src=\"https:\/\/m7c.723.mytemp.website\/wp-content\/uploads\/2026\/02\/pemipnostros_0001_pemi-fotos_0005_WhatsApp-Image-2025-12-15-at-2.49.50-PM-2.jpg\" alt=\"pemipnostros_0001_pemi-fotos_0005_WhatsApp-Image-2025-12-15-at-2.49.50-PM-2\" \/><\/figure><\/div><div class=\"swiper-slide\" role=\"group\" aria-roledescription=\"slide\" aria-label=\"9 of 13\" data-no-translation-aria-label=\"\"><figure class=\"swiper-slide-inner\"><img decoding=\"async\" class=\"swiper-slide-image\" src=\"https:\/\/m7c.723.mytemp.website\/wp-content\/uploads\/2026\/02\/pemipnostros_0000_pemi-fotos_0007_WhatsApp-Image-2025-12-15-at-2.49.50-PM-1.jpg\" alt=\"pemipnostros_0000_pemi-fotos_0007_WhatsApp-Image-2025-12-15-at-2.49.50-PM (1)\" \/><\/figure><\/div><div class=\"swiper-slide\" role=\"group\" aria-roledescription=\"slide\" aria-label=\"10 of 13\" data-no-translation-aria-label=\"\"><figure class=\"swiper-slide-inner\"><img decoding=\"async\" class=\"swiper-slide-image\" src=\"https:\/\/m7c.723.mytemp.website\/wp-content\/uploads\/2026\/02\/pemip6.jpg\" alt=\"pemip6\" \/><\/figure><\/div><div class=\"swiper-slide\" role=\"group\" aria-roledescription=\"slide\" aria-label=\"11 of 13\" data-no-translation-aria-label=\"\"><figure class=\"swiper-slide-inner\"><img decoding=\"async\" class=\"swiper-slide-image\" src=\"https:\/\/m7c.723.mytemp.website\/wp-content\/uploads\/2026\/02\/pemip8.jpg\" alt=\"pemip8\" \/><\/figure><\/div><div class=\"swiper-slide\" role=\"group\" aria-roledescription=\"slide\" aria-label=\"12 of 13\" data-no-translation-aria-label=\"\"><figure class=\"swiper-slide-inner\"><img decoding=\"async\" class=\"swiper-slide-image\" src=\"https:\/\/m7c.723.mytemp.website\/wp-content\/uploads\/2026\/02\/pemip5.jpg\" alt=\"pemip5\" \/><\/figure><\/div><div class=\"swiper-slide\" role=\"group\" aria-roledescription=\"slide\" aria-label=\"13 of 13\" data-no-translation-aria-label=\"\"><figure class=\"swiper-slide-inner\"><img decoding=\"async\" class=\"swiper-slide-image\" src=\"https:\/\/m7c.723.mytemp.website\/wp-content\/uploads\/2026\/02\/pemip7.jpg\" alt=\"pemip7\" \/><\/figure><\/div>\t\t\t<\/div>\n\t\t\t\t\t\t\t\t\t\t\t\t<div class=\"elementor-swiper-button elementor-swiper-button-prev\" role=\"button\" tabindex=\"0\">\n\t\t\t\t\t\t<svg aria-hidden=\"true\" class=\"e-font-icon-svg e-eicon-chevron-left\" viewbox=\"0 0 1000 1000\" xmlns=\"http:\/\/www.w3.org\/2000\/svg\"><path d=\"M646 125C629 125 613 133 604 142L308 442C296 454 292 471 292 487 292 504 296 521 308 533L604 854C617 867 629 875 646 875 663 875 679 871 692 858 704 846 713 829 713 812 713 796 708 779 692 767L438 487 692 225C700 217 708 204 708 187 708 171 704 154 692 142 675 129 663 125 646 125Z\"><\/path><\/svg>\t\t\t\t\t<\/div>\n\t\t\t\t\t<div class=\"elementor-swiper-button elementor-swiper-button-next\" role=\"button\" tabindex=\"0\">\n\t\t\t\t\t\t<svg aria-hidden=\"true\" class=\"e-font-icon-svg e-eicon-chevron-right\" viewbox=\"0 0 1000 1000\" xmlns=\"http:\/\/www.w3.org\/2000\/svg\"><path d=\"M696 533C708 521 713 504 713 487 713 471 708 454 696 446L400 146C388 133 375 125 354 125 338 125 325 129 313 142 300 154 292 171 292 187 292 204 296 221 308 233L563 492 304 771C292 783 288 800 288 817 288 833 296 850 308 863 321 871 338 875 354 875 371 875 388 867 400 854L696 533Z\"><\/path><\/svg>\t\t\t\t\t<\/div>\n\t\t\t\t\n\t\t\t\t\t\t\t\t\t<div class=\"swiper-pagination\"><\/div>\n\t\t\t\t\t\t\t\t\t<\/div>\n\t\t\t\t\t\t<\/div>\n\t\t\t\t\t<\/div>\n\t\t\t\t<\/div>\n\t\t\t\t<\/div>","protected":false},"excerpt":{"rendered":"<p>Qui\u00e9nes somos Acerca de nosotros Somos un proveedor internacional calificado con m\u00e1s de 10 a\u00f1os de experiencia en la industria, atendiendo a empresas de Europa, Am\u00e9rica y Asia.Nuestra compa\u00f1\u00eda fue fundada en 2016 con sede principal en Miami, EE.UU., y desde entonces nos hemos especializado en el suministro de repuestos, equipos t\u00e9cnicos y materiales especializados [&hellip;]<\/p>","protected":false},"author":1,"featured_media":0,"parent":0,"menu_order":0,"comment_status":"closed","ping_status":"closed","template":"elementor_header_footer","meta":{"footnotes":""},"class_list":["post-254","page","type-page","status-publish","hentry"],"_links":{"self":[{"href":"https:\/\/m7c.723.mytemp.website\/en\/wp-json\/wp\/v2\/pages\/254","targetHints":{"allow":["GET"]}}],"collection":[{"href":"https:\/\/m7c.723.mytemp.website\/en\/wp-json\/wp\/v2\/pages"}],"about":[{"href":"https:\/\/m7c.723.mytemp.website\/en\/wp-json\/wp\/v2\/types\/page"}],"author":[{"embeddable":true,"href":"https:\/\/m7c.723.mytemp.website\/en\/wp-json\/wp\/v2\/users\/1"}],"replies":[{"embeddable":true,"href":"https:\/\/m7c.723.mytemp.website\/en\/wp-json\/wp\/v2\/comments?post=254"}],"version-history":[{"count":67,"href":"https:\/\/m7c.723.mytemp.website\/en\/wp-json\/wp\/v2\/pages\/254\/revisions"}],"predecessor-version":[{"id":1321,"href":"https:\/\/m7c.723.mytemp.website\/en\/wp-json\/wp\/v2\/pages\/254\/revisions\/1321"}],"wp:attachment":[{"href":"https:\/\/m7c.723.mytemp.website\/en\/wp-json\/wp\/v2\/media?parent=254"}],"curies":[{"name":"wp","href":"https:\/\/api.w.org\/{rel}","templated":true}]}}